{"id":3169,"date":"2024-09-15T17:43:42","date_gmt":"2024-09-15T17:43:42","guid":{"rendered":"https:\/\/www.spd-bad-orb.de\/?page_id=3169"},"modified":"2024-09-15T18:10:20","modified_gmt":"2024-09-15T18:10:20","slug":"buergerinformations-system-bad-orb","status":"publish","type":"page","link":"https:\/\/www.spd-bad-orb.de\/?page_id=3169","title":{"rendered":"B\u00dcRGERINFORMATIONS-SYSTEM BAD ORB"},"content":{"rendered":"\n<p>Hier finden Sie ausf\u00fchrliche Informationen zu den einzelnen Gremien und allen Bad Orber Mandatstr\u00e4gern. Ebenso finden Sie hier die M\u00f6glichkeit, die vollst\u00e4ndigen Sitzungsunterlagen, alle Beschlussunterlagen und Niederschriften einzusehen. Auch finden sie den Sitzungskalender.<\/p>\n\n\n\n<p><a href=\"https:\/\/www.bad-orb.sitzung-online.de\/public\/\">https:\/\/www.bad-orb.sitzung-online.de\/public\/<\/a><\/p>\n\n\n","protected":false},"excerpt":{"rendered":"<p>Hier finden Sie ausf\u00fchrliche Informationen zu den einzelnen Gremien und allen Bad Orber Mandatstr\u00e4gern. Ebenso finden Sie hier die M\u00f6glichkeit, die vollst\u00e4ndigen Sitzungsunterlagen, alle Beschlussunterlagen und Niederschriften einzusehen. Auch finden sie den Sitzungskalender. https:\/\/www.bad-orb.sitzung-online.de\/public\/<\/p>\n","protected":false},"author":1,"featured_media":0,"parent":0,"menu_order":0,"comment_status":"closed","ping_status":"closed","template":"","meta":{"footnotes":""},"class_list":["post-3169","page","type-page","status-publish","hentry"],"_links":{"self":[{"href":"https:\/\/www.spd-bad-orb.de\/index.php?rest_route=\/wp\/v2\/pages\/3169","targetHints":{"allow":["GET"]}}],"collection":[{"href":"https:\/\/www.spd-bad-orb.de\/index.php?rest_route=\/wp\/v2\/pages"}],"about":[{"href":"https:\/\/www.spd-bad-orb.de\/index.php?rest_route=\/wp\/v2\/types\/page"}],"author":[{"embeddable":true,"href":"https:\/\/www.spd-bad-orb.de\/index.php?rest_route=\/wp\/v2\/users\/1"}],"replies":[{"embeddable":true,"href":"https:\/\/www.spd-bad-orb.de\/index.php?rest_route=%2Fwp%2Fv2%2Fcomments&post=3169"}],"version-history":[{"count":3,"href":"https:\/\/www.spd-bad-orb.de\/index.php?rest_route=\/wp\/v2\/pages\/3169\/revisions"}],"predecessor-version":[{"id":3174,"href":"https:\/\/www.spd-bad-orb.de\/index.php?rest_route=\/wp\/v2\/pages\/3169\/revisions\/3174"}],"wp:attachment":[{"href":"https:\/\/www.spd-bad-orb.de\/index.php?rest_route=%2Fwp%2Fv2%2Fmedia&parent=3169"}],"curies":[{"name":"wp","href":"https:\/\/api.w.org\/{rel}","templated":true}]}}