{"id":3464,"date":"2025-11-16T12:35:10","date_gmt":"2025-11-16T12:35:10","guid":{"rendered":"https:\/\/www.spd-bad-orb.de\/?page_id=3464"},"modified":"2025-12-07T18:35:14","modified_gmt":"2025-12-07T18:35:14","slug":"spd-liste-fuer-die-kreistagswahl-am-23-3-2026","status":"publish","type":"page","link":"https:\/\/www.spd-bad-orb.de\/?page_id=3464","title":{"rendered":"SPD-LISTE F\u00dcR DIE KREISTAGSWAHL AM 15.3.2026"},"content":{"rendered":"\n<h4><strong><a href=\"https:\/\/www.spd-bad-orb.de\/wp-content\/uploads\/2025\/11\/Listenwahl-2026.jpg\"><br \/><img loading=\"lazy\" decoding=\"async\" class=\"aligncenter size-full wp-image-3465\" src=\"https:\/\/www.spd-bad-orb.de\/wp-content\/uploads\/2025\/11\/Listenwahl-2026.jpg\" alt=\"\" width=\"1280\" height=\"720\" srcset=\"https:\/\/www.spd-bad-orb.de\/wp-content\/uploads\/2025\/11\/Listenwahl-2026.jpg 1280w, https:\/\/www.spd-bad-orb.de\/wp-content\/uploads\/2025\/11\/Listenwahl-2026-300x169.jpg 300w, https:\/\/www.spd-bad-orb.de\/wp-content\/uploads\/2025\/11\/Listenwahl-2026-1024x576.jpg 1024w, https:\/\/www.spd-bad-orb.de\/wp-content\/uploads\/2025\/11\/Listenwahl-2026-768x432.jpg 768w\" sizes=\"auto, (max-width: 1280px) 100vw, 1280px\" \/><\/a>SPD Main-Kinzig stellt Liste f\u00fcr die Kreistagswahl auf<\/strong><\/h4>\n<p><em><strong>Die Kandidatinnen und Kandidaten f\u00fcr die Kommunalwahl stehen fest: Die Mitglieder der SPD Main-Kinzig trafen sich in der Rodenbachhalle, um ihre Liste f\u00fcr die Kreistagswahl zu verabschieden. Spitzenkandidat ist Landrat Thorsten Stolz, Fl\u00f6rsbachtals B\u00fcrgermeisterin Sibylle Hergert folgt auf Listenplatz zwei und Erster Kreisbeigeordneter Andreas Hofmann auf Platz drei. \u201eWir haben ein starkes Team mit Menschen aufgestellt, die f\u00fcr ihre Heimat Verantwortung \u00fcbernehmen, unseren Kreis weiterentwickeln und zugleich f\u00fcr Verl\u00e4sslichkeit und Erfahrung stehen\u201c, sagte Andreas Hofmann, Vorsitzender der SPD Main-Kinzig.<\/strong> <\/em><\/p>\n<p>Mit 96 Ja-Stimmen, einer Nein-Stimme und einer Enthaltung wurde der Listenvorschlag unter anhaltendem Applaus beschlossen. <strong>\u201eUnser Ziel ist klar: Wir wollen st\u00e4rkste Fraktion im Kreistag bleiben. Wir schicken deshalb Kandidatinnen und Kandidaten ins Rennen, die f\u00fcr die Kommunalpolitik brennen und in unserem Kreis etwas bewegen wollen\u201c<\/strong>, sagte Karin Linhart, Gesch\u00e4ftsf\u00fchrerin der SPD-Fraktion und stellvertretende Fraktionsvorsitzende.<\/p>\n<p>Insgesamt stehen 32 Frauen und 54 M\u00e4nner auf der Liste. Es sind 28 von 29 Kommunen vertreten. \u201eDamit setzen wir ein klares Signal f\u00fcr Gleichwertigkeit und Vielfalt\u201c, sagte Sibylle Hergert, \u201ewir sind alle unterschiedlich alt, haben unterschiedliche Interessen und berufliche Qualifikationen. Uns verbindet aber der Tatendrang, die Energie und die Leidenschaft zu unserer Heimat.\u201c Eine solch breit aufgestellte Liste biete nur die SPD.<\/p>\n<p>Die SPD Main-Kinzig stehe seit jeher f\u00fcr sichtbare Politik vor Ort: \u201eWir k\u00fcmmern uns um alle Generationen. Indem wir unsere Alten- und Pflegezentren sowie die Main-Kinzig-Kliniken st\u00e4rken, indem wir verl\u00e4ssliche Bildungs- und Betreuungsangebote schaffen, in Infrastruktur investieren und unsere Umwelt sch\u00fctzen\u201c, sagte Thorsten Stolz. Und Karin Linhart erg\u00e4nzte: \u201eUnsere Listenaufstellung macht deutlich: SPD Main-Kinzig und Kreisspitze ziehen an einem Strang. Wir machen verl\u00e4ssliche Politik f\u00fcr unseren Landkreis.\u201c<\/p>\n<p>F\u00fcr die n\u00e4chsten Jahre habe sich die SPD Main-Kinzig viel auf die Fahnen geschrieben: Digitalisierung soll im Alltag der B\u00fcrgerinnen und B\u00fcrger f\u00fcr mehr Effizienz sorgen, die medizinische und pflegerische Versorgung soll gest\u00e4rkt werden, die Region lebenswert f\u00fcr Einheimische und Touristen gemacht werden. \u201eTrotz zunehmend schwieriger Rahmenbedingungen wollen wir auch den \u00d6PNV st\u00e4rken und setzen uns mit dem Azubi-Campus f\u00fcr die Wohnraumversorgung von jungen Menschen ein\u201c, sagte Sibylle Hergert.<\/p>\n<p><strong>Abschlie\u00dfend sagte Thorsten Stolz: \u201eBei der Kommunalwahl geht es nicht um Berlin oder Wiesbaden, sondern einzig und allein darum, dass unser Landkreis in guten H\u00e4nden bleibt. Wir wollen die Menschen davon \u00fcberzeugen, dass wir weiterhin die beste Wahl f\u00fcr unseren Main-Kinzig-Kreis sind.<\/strong><\/p>\n<p>\u00a0<\/p>\n<p><strong>SPD Liste Kommunalwahl 2026<\/strong><\/p>\n<p>1\u00a0\u00a0\u00a0\u00a0\u00a0\u00a0\u00a0\u00a0\u00a0\u00a0\u00a0\u00a0 Stolz, Thorsten<\/p>\n<p>2\u00a0\u00a0\u00a0\u00a0\u00a0\u00a0\u00a0\u00a0\u00a0\u00a0\u00a0\u00a0 Hergert, Sibylle<\/p>\n<p>3\u00a0\u00a0\u00a0\u00a0\u00a0\u00a0\u00a0\u00a0\u00a0\u00a0\u00a0\u00a0 Hofmann, Andreas<\/p>\n<p>4\u00a0\u00a0\u00a0\u00a0\u00a0\u00a0\u00a0\u00a0\u00a0\u00a0\u00a0\u00a0 R\u00fcck, Cornelia<\/p>\n<p>5\u00a0\u00a0\u00a0\u00a0\u00a0\u00a0\u00a0\u00a0\u00a0\u00a0\u00a0\u00a0 Schejna, Klaus<\/p>\n<p>6\u00a0\u00a0\u00a0\u00a0\u00a0\u00a0\u00a0\u00a0\u00a0\u00a0\u00a0\u00a0 M\u00fcller, Bettina<\/p>\n<p>7\u00a0\u00a0\u00a0\u00a0\u00a0\u00a0\u00a0\u00a0\u00a0\u00a0\u00a0\u00a0 Degen, Christoph<\/p>\n<p>8\u00a0\u00a0\u00a0\u00a0\u00a0\u00a0\u00a0\u00a0\u00a0\u00a0\u00a0\u00a0 B\u00f6ckel, Uta<\/p>\n<p>9\u00a0\u00a0\u00a0\u00a0\u00a0\u00a0\u00a0\u00a0\u00a0\u00a0\u00a0\u00a0 Ullrich, Carsten<\/p>\n<p>10\u00a0\u00a0\u00a0\u00a0\u00a0\u00a0\u00a0\u00a0\u00a0 Tuna, G\u00fclistan<\/p>\n<p>11\u00a0\u00a0\u00a0\u00a0\u00a0\u00a0\u00a0\u00a0\u00a0 Kaiser, Karlheinz<\/p>\n<p>12\u00a0\u00a0\u00a0\u00a0\u00a0\u00a0\u00a0\u00a0\u00a0 Linhart, Karin<\/p>\n<p>13\u00a0\u00a0\u00a0\u00a0\u00a0\u00a0\u00a0\u00a0\u00a0 M\u00e4hler, Jakob<\/p>\n<p>14\u00a0\u00a0\u00a0\u00a0\u00a0\u00a0\u00a0\u00a0\u00a0 Bandel, Roberta<\/p>\n<p>15\u00a0\u00a0\u00a0\u00a0\u00a0\u00a0\u00a0\u00a0\u00a0 Kreuscher, Maximilian<\/p>\n<p>16\u00a0\u00a0\u00a0\u00a0\u00a0\u00a0\u00a0\u00a0\u00a0 Viehmann, Veronika<\/p>\n<p>17\u00a0\u00a0\u00a0\u00a0\u00a0\u00a0\u00a0\u00a0\u00a0 G\u00f6llner, Michael<\/p>\n<p>18\u00a0\u00a0\u00a0\u00a0\u00a0\u00a0\u00a0\u00a0\u00a0 Meister, Luise<\/p>\n<p>19\u00a0\u00a0\u00a0\u00a0\u00a0\u00a0\u00a0\u00a0\u00a0 Ziegler, Stefan<\/p>\n<p>20\u00a0\u00a0\u00a0\u00a0\u00a0\u00a0\u00a0\u00a0\u00a0 Czech, Julia<\/p>\n<p>21\u00a0\u00a0\u00a0\u00a0\u00a0\u00a0\u00a0\u00a0\u00a0 Oehl, Lennard<\/p>\n<p>22\u00a0\u00a0\u00a0\u00a0\u00a0\u00a0\u00a0\u00a0\u00a0 Friske, Susanne<\/p>\n<p>23\u00a0\u00a0\u00a0\u00a0\u00a0\u00a0\u00a0\u00a0\u00a0 Koppel, Jochen<\/p>\n<p>24\u00a0\u00a0\u00a0\u00a0\u00a0\u00a0\u00a0\u00a0\u00a0 Mahlke, Gina<\/p>\n<p>25\u00a0\u00a0\u00a0\u00a0\u00a0\u00a0\u00a0\u00a0\u00a0 Mair, J\u00f6rg<\/p>\n<p>26\u00a0\u00a0\u00a0\u00a0\u00a0\u00a0\u00a0\u00a0\u00a0 Fehlhauer, Annette<\/p>\n<p>27\u00a0\u00a0\u00a0\u00a0\u00a0\u00a0\u00a0\u00a0\u00a0 Neuner, Michael<\/p>\n<p>28\u00a0\u00a0\u00a0\u00a0\u00a0\u00a0\u00a0\u00a0\u00a0 Schonlau, Bettina<\/p>\n<p>29\u00a0\u00a0\u00a0\u00a0\u00a0\u00a0\u00a0\u00a0\u00a0 Fehl, Fabian<\/p>\n<p>30\u00a0\u00a0\u00a0\u00a0\u00a0\u00a0\u00a0\u00a0\u00a0 Kossmann, Nathalie<\/p>\n<p>31\u00a0\u00a0\u00a0\u00a0\u00a0\u00a0\u00a0\u00a0\u00a0 Beyer, Jan-Frederik<\/p>\n<p>32\u00a0\u00a0\u00a0\u00a0\u00a0\u00a0\u00a0\u00a0\u00a0 Richter, Mich\u00e8le<\/p>\n<p>33\u00a0\u00a0\u00a0\u00a0\u00a0\u00a0\u00a0\u00a0\u00a0 Maul, Dr. Martin<\/p>\n<p>34\u00a0\u00a0\u00a0\u00a0\u00a0\u00a0\u00a0\u00a0\u00a0 Schmidt, Victoria<\/p>\n<p>35\u00a0\u00a0\u00a0\u00a0\u00a0\u00a0\u00a0\u00a0\u00a0 Ho\u00dffeld, Stefan<\/p>\n<p>36\u00a0\u00a0\u00a0\u00a0\u00a0\u00a0\u00a0\u00a0\u00a0 Piljic, Miriam<\/p>\n<p>37\u00a0\u00a0\u00a0\u00a0\u00a0\u00a0\u00a0\u00a0\u00a0 Schreiber, Rainer<\/p>\n<p>38\u00a0\u00a0\u00a0\u00a0\u00a0\u00a0\u00a0\u00a0\u00a0 Kempf, Barbara<\/p>\n<p>39\u00a0\u00a0\u00a0\u00a0\u00a0\u00a0\u00a0\u00a0\u00a0 Neuschaefer-Rube, Dr. Olaf<\/p>\n<p>40\u00a0\u00a0\u00a0\u00a0\u00a0\u00a0\u00a0\u00a0\u00a0 Kettler, Hildegard<\/p>\n","protected":false},"excerpt":{"rendered":"<p>SPD Main-Kinzig stellt Liste f\u00fcr die Kreistagswahl auf Die Kandidatinnen und Kandidaten f\u00fcr die Kommunalwahl stehen fest: Die Mitglieder der SPD Main-Kinzig trafen sich in der Rodenbachhalle, um ihre Liste f\u00fcr die Kreistagswahl zu verabschieden. Spitzenkandidat ist Landrat Thorsten Stolz, &hellip; <a href=\"https:\/\/www.spd-bad-orb.de\/?page_id=3464\">Weiterlesen <span class=\"meta-nav\">&rarr;<\/span><\/a><\/p>\n","protected":false},"author":1,"featured_media":0,"parent":0,"menu_order":0,"comment_status":"closed","ping_status":"closed","template":"","meta":{"footnotes":""},"class_list":["post-3464","page","type-page","status-publish","hentry"],"_links":{"self":[{"href":"https:\/\/www.spd-bad-orb.de\/index.php?rest_route=\/wp\/v2\/pages\/3464","targetHints":{"allow":["GET"]}}],"collection":[{"href":"https:\/\/www.spd-bad-orb.de\/index.php?rest_route=\/wp\/v2\/pages"}],"about":[{"href":"https:\/\/www.spd-bad-orb.de\/index.php?rest_route=\/wp\/v2\/types\/page"}],"author":[{"embeddable":true,"href":"https:\/\/www.spd-bad-orb.de\/index.php?rest_route=\/wp\/v2\/users\/1"}],"replies":[{"embeddable":true,"href":"https:\/\/www.spd-bad-orb.de\/index.php?rest_route=%2Fwp%2Fv2%2Fcomments&post=3464"}],"version-history":[{"count":4,"href":"https:\/\/www.spd-bad-orb.de\/index.php?rest_route=\/wp\/v2\/pages\/3464\/revisions"}],"predecessor-version":[{"id":3488,"href":"https:\/\/www.spd-bad-orb.de\/index.php?rest_route=\/wp\/v2\/pages\/3464\/revisions\/3488"}],"wp:attachment":[{"href":"https:\/\/www.spd-bad-orb.de\/index.php?rest_route=%2Fwp%2Fv2%2Fmedia&parent=3464"}],"curies":[{"name":"wp","href":"https:\/\/api.w.org\/{rel}","templated":true}]}}