{"id":3491,"date":"2026-01-25T19:51:53","date_gmt":"2026-01-25T19:51:53","guid":{"rendered":"https:\/\/www.spd-bad-orb.de\/?page_id=3491"},"modified":"2026-02-22T19:00:06","modified_gmt":"2026-02-22T19:00:06","slug":"unsere-visionen-fuer-den-kommunalwahlkampf-2026","status":"publish","type":"page","link":"https:\/\/www.spd-bad-orb.de\/?page_id=3491","title":{"rendered":"UNSERE VISIONEN F\u00dcR DEN KOMMUNALWAHLKAMPF 2026"},"content":{"rendered":"\n<p>\u00a0<\/p>\n<p><a href=\"https:\/\/www.spd-bad-orb.de\/wp-content\/uploads\/2026\/01\/8979-A-1-scaled.jpg\"><img loading=\"lazy\" decoding=\"async\" class=\"aligncenter wp-image-3499 size-full\" src=\"https:\/\/www.spd-bad-orb.de\/wp-content\/uploads\/2026\/01\/8979-A-1-scaled-e1769371846722.jpg\" alt=\"\" width=\"2287\" height=\"1442\" srcset=\"https:\/\/www.spd-bad-orb.de\/wp-content\/uploads\/2026\/01\/8979-A-1-scaled-e1769371846722.jpg 2287w, https:\/\/www.spd-bad-orb.de\/wp-content\/uploads\/2026\/01\/8979-A-1-scaled-e1769371846722-300x189.jpg 300w, https:\/\/www.spd-bad-orb.de\/wp-content\/uploads\/2026\/01\/8979-A-1-scaled-e1769371846722-1024x646.jpg 1024w, https:\/\/www.spd-bad-orb.de\/wp-content\/uploads\/2026\/01\/8979-A-1-scaled-e1769371846722-768x484.jpg 768w, https:\/\/www.spd-bad-orb.de\/wp-content\/uploads\/2026\/01\/8979-A-1-scaled-e1769371846722-1536x968.jpg 1536w, https:\/\/www.spd-bad-orb.de\/wp-content\/uploads\/2026\/01\/8979-A-1-scaled-e1769371846722-2048x1291.jpg 2048w\" sizes=\"auto, (max-width: 2287px) 100vw, 2287px\" \/><\/a><\/p>\n<p><a href=\"https:\/\/www.spd-bad-orb.de\/wp-content\/uploads\/2026\/02\/SPD_Bad_Orb_Kommunalwahl_20263-1-1-scaled.jpg\"><img loading=\"lazy\" decoding=\"async\" class=\"aligncenter size-full wp-image-3516\" src=\"https:\/\/www.spd-bad-orb.de\/wp-content\/uploads\/2026\/02\/SPD_Bad_Orb_Kommunalwahl_20263-1-1-scaled.jpg\" alt=\"\" width=\"2560\" height=\"1810\" srcset=\"https:\/\/www.spd-bad-orb.de\/wp-content\/uploads\/2026\/02\/SPD_Bad_Orb_Kommunalwahl_20263-1-1-scaled.jpg 2560w, https:\/\/www.spd-bad-orb.de\/wp-content\/uploads\/2026\/02\/SPD_Bad_Orb_Kommunalwahl_20263-1-1-300x212.jpg 300w, https:\/\/www.spd-bad-orb.de\/wp-content\/uploads\/2026\/02\/SPD_Bad_Orb_Kommunalwahl_20263-1-1-1024x724.jpg 1024w, https:\/\/www.spd-bad-orb.de\/wp-content\/uploads\/2026\/02\/SPD_Bad_Orb_Kommunalwahl_20263-1-1-768x543.jpg 768w, https:\/\/www.spd-bad-orb.de\/wp-content\/uploads\/2026\/02\/SPD_Bad_Orb_Kommunalwahl_20263-1-1-1536x1086.jpg 1536w, https:\/\/www.spd-bad-orb.de\/wp-content\/uploads\/2026\/02\/SPD_Bad_Orb_Kommunalwahl_20263-1-1-2048x1448.jpg 2048w\" sizes=\"auto, (max-width: 2560px) 100vw, 2560px\" \/><\/a><\/p>\n<h1><b>SPD BAD ORB<\/b><\/h1>\n<h1><b>Unser <\/b><b>Programm zur Kommunalwahl am 15. M\u00e4rz 2026<\/b><\/h1>\n<h3><b>Die Kommunalwahl steht an und damit eine richtungsweisende Entscheidung. Die Zukunft unserer Stadt steht auf dem Spiel. <\/b><\/h3>\n<h3><b>Mit einer starken SPD- Fraktion werden wir die Zukunft unserer Stadt voranbringen. Wir stehen f\u00fcr eine verl\u00e4ssliche, b\u00fcrgernahe und sachbezogene Politik mit klaren Blick nach vorne<\/b><b>!<\/b><\/h3>\n<h3><b>Mit unserem Programm setzen wir als SPD Bad Orb auf das, was wirklich z\u00e4hlt<\/b><b>:<\/b> <b>Eine <\/b><b>lebens- und liebenswerte Stadt!<\/b><\/h3>\n<h3><span style=\"color: #ff0000;\"><b>Unsere Themen<\/b><b>:<\/b><\/span><\/h3>\n<h3><span style=\"color: #ff0000;\">-L<b>ebendige <\/b><b>Innenstadt &#8211; Innovativ denken, M\u00f6glichkeiten schaffen\u00a0<\/b><\/span><\/h3>\n<h3><span style=\"color: #ff0000;\">-\u00c4<b>rztliche <\/b><b>Versorgung <\/b><b>sicherstellen<\/b><b>,<\/b> <b>Fach\u00e4rzte<\/b> <b>(Kinderarzt) ansiedeln<\/b><b>\u00a0<\/b><\/span><\/h3>\n<h3><span style=\"color: #ff0000;\">&#8211;<b>Verkehrskonzept<\/b><b>, das seinen Namen wert ist<\/b><\/span><\/h3>\n<h3><span style=\"color: #ff0000;\">&#8211;<b>Moderne <\/b><b>Infrastruktur, Wachstum mit Verantwortung &#8211; Chancen ergreifen, Mittelstand <\/b><b>f\u00f6rdern<\/b><\/span><\/h3>\n<h3><span style=\"color: #ff0000;\">&#8211;<b>Solide <\/b><b>Finanzen &#8211;\u00a0 Solide Haushaltsf\u00fchrung, Wohlstand sichern\u00a0<\/b><\/span><\/h3>\n<h3><span style=\"color: #ff0000;\">&#8211;<b>Sicherheit <\/b><b>und Ordnung &#8211; F\u00fcr Sicherheit und <\/b><b>Zusammenhalt<\/b><\/span><\/h3>\n<h3><span style=\"color: #ff0000;\">&#8211;<b>Generationengerechtes <\/b><b>Leben f\u00fcr alle <\/b><b>Menschen<\/b><\/span><\/h3>\n<h3><span style=\"color: #ff0000;\">&#8211;<b>Moderne <\/b><b>Verwaltung: B\u00fcrgern\u00e4he <\/b><b>mi<\/b><b>t<\/b> <\/span><b><span style=\"color: #ff0000;\">Effizienz, Anspruch und Motivation\u00a0<\/span><br \/><\/b><\/h3>\n<h1><b>Bad Orb <\/b><b>\u2013<\/b> <b>denn n<\/b><b>ur <\/b><b>GEMEINSAM<\/b> <b>sind wir stark!<\/b><\/h1>\n<h1><b>Bad <\/b><b>Orb <\/b><b>KANN<\/b> <b>mehr!<\/b><\/h1>\n","protected":false},"excerpt":{"rendered":"<p>\u00a0 SPD BAD ORB Unser Programm zur Kommunalwahl am 15. M\u00e4rz 2026 Die Kommunalwahl steht an und damit eine richtungsweisende Entscheidung. Die Zukunft unserer Stadt steht auf dem Spiel. Mit einer starken SPD- Fraktion werden wir die Zukunft unserer Stadt &hellip; <a href=\"https:\/\/www.spd-bad-orb.de\/?page_id=3491\">Weiterlesen <span class=\"meta-nav\">&rarr;<\/span><\/a><\/p>\n","protected":false},"author":1,"featured_media":0,"parent":0,"menu_order":0,"comment_status":"closed","ping_status":"closed","template":"","meta":{"footnotes":""},"class_list":["post-3491","page","type-page","status-publish","hentry"],"_links":{"self":[{"href":"https:\/\/www.spd-bad-orb.de\/index.php?rest_route=\/wp\/v2\/pages\/3491","targetHints":{"allow":["GET"]}}],"collection":[{"href":"https:\/\/www.spd-bad-orb.de\/index.php?rest_route=\/wp\/v2\/pages"}],"about":[{"href":"https:\/\/www.spd-bad-orb.de\/index.php?rest_route=\/wp\/v2\/types\/page"}],"author":[{"embeddable":true,"href":"https:\/\/www.spd-bad-orb.de\/index.php?rest_route=\/wp\/v2\/users\/1"}],"replies":[{"embeddable":true,"href":"https:\/\/www.spd-bad-orb.de\/index.php?rest_route=%2Fwp%2Fv2%2Fcomments&post=3491"}],"version-history":[{"count":10,"href":"https:\/\/www.spd-bad-orb.de\/index.php?rest_route=\/wp\/v2\/pages\/3491\/revisions"}],"predecessor-version":[{"id":3538,"href":"https:\/\/www.spd-bad-orb.de\/index.php?rest_route=\/wp\/v2\/pages\/3491\/revisions\/3538"}],"wp:attachment":[{"href":"https:\/\/www.spd-bad-orb.de\/index.php?rest_route=%2Fwp%2Fv2%2Fmedia&parent=3491"}],"curies":[{"name":"wp","href":"https:\/\/api.w.org\/{rel}","templated":true}]}}